{"id":475,"date":"2026-03-09T13:09:47","date_gmt":"2026-03-09T12:09:47","guid":{"rendered":"https:\/\/perfumehouse.pl\/?post_type=product&#038;p=475"},"modified":"2026-03-21T13:26:41","modified_gmt":"2026-03-21T12:26:41","slug":"jean-paul-gaultier-scandal-edp","status":"publish","type":"product","link":"https:\/\/perfumehouse.pl\/?product=jean-paul-gaultier-scandal-edp","title":{"rendered":"Jean Paul Gaultier Scandal EDP"},"content":{"rendered":"<p>Jean Paul Gaultier Scandal EDP to intensywny, zmys\u0142owy i kobiecy zapach, kt\u00f3ry przyci\u0105ga uwag\u0119 i nie pozwala o sobie zapomnie\u0107.<\/p>\n<p>To perfumy stworzone dla kobiet pewnych siebie, odwa\u017cnych i lubi\u0105cych mieszank\u0119 energii, s\u0142odyczy i g\u0142\u0119bi \u2014 idealne na wiecz\u00f3r i wyj\u0105tkowe chwile.<\/p>\n<p>Ten zapach jest idealny dla kobiet, kt\u00f3re:<\/p>\n<p>-chc\u0105 perfum, kt\u00f3re robi\u0105 efekt \u201ewow\u201d,<\/p>\n<p>-ceni\u0105 zmys\u0142owe, intensywne aromaty,<\/p>\n<p>-lubi\u0105 si\u0119 wyr\u00f3\u017cnia\u0107 i by\u0107 zapami\u0119tywane,<\/p>\n<p>-wybieraj\u0105 zapachy idealne na wieczorne wyj\u015bcia, randki i imprezy<\/p>\n<p>Zapach otwiera si\u0119 soczystymi, s\u0142odkimi owocami (mi\u00f3d i pomara\u0144cza) \u2014 to intensywne, energetyczne pierwsze wra\u017cenie, nast\u0119pnie dominuj\u0105 kwiatowe akordy ja\u015bminu i gardenii, kt\u00f3re nadaj\u0105 kompozycji pe\u0142nej kobieco\u015bci, mi\u0119kko\u015bci i zmys\u0142owej elegancji. Baz\u0119 tworz\u0105 nuty karmelu, pi\u017cma i paczuli, kt\u00f3re dodaj\u0105 zapachowi g\u0142\u0119bi, s\u0142odkiej trwa\u0142o\u015bci i zmys\u0142owego finiszu \u2014 aromat utrzymuje si\u0119 d\u0142ugo na sk\u00f3rze, otulaj\u0105c j\u0105 ciep\u0142ym, kobiecym blaskiem.<\/p>\n<p>Jean Paul Gaultier Scandal to zapach intensywny, s\u0142odki i prowokuj\u0105cy, idealny gdy chcesz poczu\u0107 si\u0119 pewnie, zmys\u0142owo i wyj\u0105tkowo.<\/p>\n<p>To zapach, kt\u00f3ry \u0142\u0105czy s\u0142odycz i kobieco\u015b\u0107 z pewn\u0105 odwag\u0105 \u2014 idealny, by wyrazi\u0107 swoj\u0105 osobowo\u015b\u0107 bez kompromis\u00f3w.<\/p>\n","protected":false},"excerpt":{"rendered":"<p>Jean Paul Gaultier Scandal EDP &#8211; Odlewka perfum<\/p>\n","protected":false},"featured_media":480,"comment_status":"open","ping_status":"closed","template":"","meta":[],"product_brand":[],"product_cat":[18],"product_tag":[],"class_list":{"0":"post-475","1":"product","2":"type-product","3":"status-publish","4":"has-post-thumbnail","6":"product_cat-damskie","8":"first","9":"instock","10":"taxable","11":"shipping-taxable","12":"purchasable","13":"product-type-variable"},"_links":{"self":[{"href":"https:\/\/perfumehouse.pl\/index.php?rest_route=\/wp\/v2\/product\/475","targetHints":{"allow":["GET"]}}],"collection":[{"href":"https:\/\/perfumehouse.pl\/index.php?rest_route=\/wp\/v2\/product"}],"about":[{"href":"https:\/\/perfumehouse.pl\/index.php?rest_route=\/wp\/v2\/types\/product"}],"replies":[{"embeddable":true,"href":"https:\/\/perfumehouse.pl\/index.php?rest_route=%2Fwp%2Fv2%2Fcomments&post=475"}],"wp:featuredmedia":[{"embeddable":true,"href":"https:\/\/perfumehouse.pl\/index.php?rest_route=\/wp\/v2\/media\/480"}],"wp:attachment":[{"href":"https:\/\/perfumehouse.pl\/index.php?rest_route=%2Fwp%2Fv2%2Fmedia&parent=475"}],"wp:term":[{"taxonomy":"product_brand","embeddable":true,"href":"https:\/\/perfumehouse.pl\/index.php?rest_route=%2Fwp%2Fv2%2Fproduct_brand&post=475"},{"taxonomy":"product_cat","embeddable":true,"href":"https:\/\/perfumehouse.pl\/index.php?rest_route=%2Fwp%2Fv2%2Fproduct_cat&post=475"},{"taxonomy":"product_tag","embeddable":true,"href":"https:\/\/perfumehouse.pl\/index.php?rest_route=%2Fwp%2Fv2%2Fproduct_tag&post=475"}],"curies":[{"name":"wp","href":"https:\/\/api.w.org\/{rel}","templated":true}]}}