{"id":436,"date":"2026-03-09T12:20:08","date_gmt":"2026-03-09T11:20:08","guid":{"rendered":"https:\/\/perfumehouse.pl\/?post_type=product&#038;p=436"},"modified":"2026-03-21T13:37:00","modified_gmt":"2026-03-21T12:37:00","slug":"prada-paradoxe-edp","status":"publish","type":"product","link":"https:\/\/perfumehouse.pl\/?product=prada-paradoxe-edp","title":{"rendered":"Prada Paradoxe EDP"},"content":{"rendered":"<p>Prada Paradoxe EDP to nowoczesny, elegancki i zmys\u0142owy zapach damski, kt\u00f3ry \u0142\u0105czy w sobie kontrasty \u2013 \u015bwie\u017co\u015b\u0107 i g\u0142\u0119bi\u0119, minimalizm i intensywno\u015b\u0107, tworz\u0105c kompozycj\u0119 pe\u0142n\u0105 harmonii i stylu. To zapach dla kobiety, kt\u00f3ra lubi si\u0119 wyr\u00f3\u017cnia\u0107, ale w subtelny, nieoczywisty spos\u00f3b.<\/p>\n<p>Ten zapach jest idealny dla kobiet, kt\u00f3re:<\/p>\n<p>-ceni\u0105 nowoczesn\u0105 elegancj\u0119 i luksus,<\/p>\n<p>-chc\u0105 perfum, kt\u00f3re s\u0105 uniwersalne, pasuj\u0105ce zar\u00f3wno do dnia, jak i wieczoru,<\/p>\n<p>-lubi\u0105 aromaty, kt\u00f3re s\u0105 wyraziste, ale delikatnie zmys\u0142owe,<\/p>\n<p>-szukaj\u0105 zapachu, kt\u00f3ry podkre\u015bla indywidualno\u015b\u0107, a zarazem jest bardzo kobiecy<\/p>\n<p>Zapach otwiera si\u0119 wyra\u017an\u0105 \u015bwie\u017co\u015bci\u0105 cytrus\u00f3w \u2013 bergamotk\u0105 i grejpfrutem, kt\u00f3re daj\u0105 radosne, energetyczne pierwsze wra\u017cenie. Nast\u0119pnie pojawiaj\u0105 si\u0119 delikatne, pi\u0119kne nuty bia\u0142ych kwiat\u00f3w i aromatyczne akordy neroli i ja\u015bminu, kt\u00f3re nadaj\u0105 kompozycji kobiecej g\u0142\u0119bi i zmys\u0142owo\u015bci \u2013 eleganckie, subtelne i wyrafinowane. Baz\u0119 tworz\u0105 drzewne akordy pi\u017cma, cedru i ambroksanu, kt\u00f3re nadaj\u0105 perfumom trwa\u0142o\u015bci i delikatnej g\u0142\u0119bi \u2013 aromat utrzymuje si\u0119 d\u0142ugo na sk\u00f3rze, otulaj\u0105c j\u0105 ciep\u0142em i przyjemn\u0105 g\u0142\u0119bi\u0105.<\/p>\n<p>Prada Paradoxe to zapach wyj\u0105tkowy \u2013 lekki, nowoczesny i zmys\u0142owy. \u015awietnie sprawdza si\u0119 zar\u00f3wno na co dzie\u0144, jak i na specjalne okazje, gdy chcesz poczu\u0107 si\u0119 elegancko, pewnie i kobieco.<\/p>\n","protected":false},"excerpt":{"rendered":"<p>Prada Paradoxe EDP &#8211; Odlewka perfum<\/p>\n","protected":false},"featured_media":599,"comment_status":"open","ping_status":"closed","template":"","meta":[],"product_brand":[],"product_cat":[18],"product_tag":[],"class_list":{"0":"post-436","1":"product","2":"type-product","3":"status-publish","4":"has-post-thumbnail","6":"product_cat-damskie","8":"first","9":"instock","10":"taxable","11":"shipping-taxable","12":"purchasable","13":"product-type-variable"},"_links":{"self":[{"href":"https:\/\/perfumehouse.pl\/index.php?rest_route=\/wp\/v2\/product\/436","targetHints":{"allow":["GET"]}}],"collection":[{"href":"https:\/\/perfumehouse.pl\/index.php?rest_route=\/wp\/v2\/product"}],"about":[{"href":"https:\/\/perfumehouse.pl\/index.php?rest_route=\/wp\/v2\/types\/product"}],"replies":[{"embeddable":true,"href":"https:\/\/perfumehouse.pl\/index.php?rest_route=%2Fwp%2Fv2%2Fcomments&post=436"}],"wp:featuredmedia":[{"embeddable":true,"href":"https:\/\/perfumehouse.pl\/index.php?rest_route=\/wp\/v2\/media\/599"}],"wp:attachment":[{"href":"https:\/\/perfumehouse.pl\/index.php?rest_route=%2Fwp%2Fv2%2Fmedia&parent=436"}],"wp:term":[{"taxonomy":"product_brand","embeddable":true,"href":"https:\/\/perfumehouse.pl\/index.php?rest_route=%2Fwp%2Fv2%2Fproduct_brand&post=436"},{"taxonomy":"product_cat","embeddable":true,"href":"https:\/\/perfumehouse.pl\/index.php?rest_route=%2Fwp%2Fv2%2Fproduct_cat&post=436"},{"taxonomy":"product_tag","embeddable":true,"href":"https:\/\/perfumehouse.pl\/index.php?rest_route=%2Fwp%2Fv2%2Fproduct_tag&post=436"}],"curies":[{"name":"wp","href":"https:\/\/api.w.org\/{rel}","templated":true}]}}