{"id":430,"date":"2026-03-09T12:18:18","date_gmt":"2026-03-09T11:18:18","guid":{"rendered":"https:\/\/perfumehouse.pl\/?post_type=product&#038;p=430"},"modified":"2026-03-21T13:37:48","modified_gmt":"2026-03-21T12:37:48","slug":"armani-my-way-edp","status":"publish","type":"product","link":"https:\/\/perfumehouse.pl\/?product=armani-my-way-edp","title":{"rendered":"Giorgio Armani My Way EDP"},"content":{"rendered":"<p>Giorgio Armani My Way EDP to zapach stworzony dla kobiety \u015bwiadomej siebie, ciekawej \u015bwiata i otwartej na nowe do\u015bwiadczenia. To wyj\u0105tkowa kompozycja, kt\u00f3ra \u0142\u0105czy elegancj\u0119, \u015bwie\u017co\u015b\u0107 i zmys\u0142ow\u0105 g\u0142\u0119bi\u0119.<\/p>\n<p>Ten zapach jest idealny dla kobiet, kt\u00f3re:<\/p>\n<p>-ceni\u0105 uniwersaln\u0105 elegancj\u0119 i kobieco\u015b\u0107,<\/p>\n<p>-lubi\u0105 perfumy, kt\u00f3re wywo\u0142uj\u0105 pozytywne emocje i poprawiaj\u0105 nastr\u00f3j,<\/p>\n<p>-szukaj\u0105 aromatu idealnego na dzie\u0144, do pracy, spotkania i wiecz\u00f3r,<\/p>\n<p>-chc\u0105 pachnie\u0107 \u015bwie\u017co, zmys\u0142owo i z klas\u0105 \u2014 ale bez nadmiernej ostentacji<\/p>\n<p>Kompozycja otwiera si\u0119 \u015bwietlistymi cytrusami: bergamotk\u0105 i pomara\u0144cz\u0105, kt\u00f3re daj\u0105 rze\u015bki, jasny pocz\u0105tek. W sercu perfum rozkwitaj\u0105 bia\u0142e kwiaty: tuberoza i ja\u015bmin \u2014 eleganckie, delikatne i kobiece, nadaj\u0105 zapachowi lekko\u015bci i subtelnej zmys\u0142owo\u015bci. Baz\u0119 tworz\u0105 drzewo cedrowe i wanilia, kt\u00f3re nadaj\u0105 kompozycji g\u0142\u0119bi, trwa\u0142o\u015bci i ciep\u0142a, sprawiaj\u0105c, \u017ce zapach pozostaje na sk\u00f3rze d\u0142ugo i przyjemnie otula.<\/p>\n<p>My Way to zapach pe\u0142en \u015bwiat\u0142a, rado\u015bci i elegancji \u2014 ciep\u0142y, zmys\u0142owy, ale jednocze\u015bnie \u015bwie\u017cy i nowoczesny.<\/p>\n<p>To perfumy idealne na co dzie\u0144, jak i na wyj\u0105tkowe chwile \u2014 podr\u00f3\u017ce, spotkania z przyjaci\u00f3\u0142mi czy wieczorne wyj\u015bcia.<\/p>\n","protected":false},"excerpt":{"rendered":"<p>Armani My Way EDP &#8211; Odlewka perfum<\/p>\n","protected":false},"featured_media":435,"comment_status":"open","ping_status":"closed","template":"","meta":[],"product_brand":[],"product_cat":[18],"product_tag":[],"class_list":{"0":"post-430","1":"product","2":"type-product","3":"status-publish","4":"has-post-thumbnail","6":"product_cat-damskie","8":"first","9":"instock","10":"taxable","11":"shipping-taxable","12":"purchasable","13":"product-type-variable"},"_links":{"self":[{"href":"https:\/\/perfumehouse.pl\/index.php?rest_route=\/wp\/v2\/product\/430","targetHints":{"allow":["GET"]}}],"collection":[{"href":"https:\/\/perfumehouse.pl\/index.php?rest_route=\/wp\/v2\/product"}],"about":[{"href":"https:\/\/perfumehouse.pl\/index.php?rest_route=\/wp\/v2\/types\/product"}],"replies":[{"embeddable":true,"href":"https:\/\/perfumehouse.pl\/index.php?rest_route=%2Fwp%2Fv2%2Fcomments&post=430"}],"wp:featuredmedia":[{"embeddable":true,"href":"https:\/\/perfumehouse.pl\/index.php?rest_route=\/wp\/v2\/media\/435"}],"wp:attachment":[{"href":"https:\/\/perfumehouse.pl\/index.php?rest_route=%2Fwp%2Fv2%2Fmedia&parent=430"}],"wp:term":[{"taxonomy":"product_brand","embeddable":true,"href":"https:\/\/perfumehouse.pl\/index.php?rest_route=%2Fwp%2Fv2%2Fproduct_brand&post=430"},{"taxonomy":"product_cat","embeddable":true,"href":"https:\/\/perfumehouse.pl\/index.php?rest_route=%2Fwp%2Fv2%2Fproduct_cat&post=430"},{"taxonomy":"product_tag","embeddable":true,"href":"https:\/\/perfumehouse.pl\/index.php?rest_route=%2Fwp%2Fv2%2Fproduct_tag&post=430"}],"curies":[{"name":"wp","href":"https:\/\/api.w.org\/{rel}","templated":true}]}}