{"id":424,"date":"2026-03-09T12:15:39","date_gmt":"2026-03-09T11:15:39","guid":{"rendered":"https:\/\/perfumehouse.pl\/?post_type=product&#038;p=424"},"modified":"2026-03-21T13:39:06","modified_gmt":"2026-03-21T12:39:06","slug":"chanel-coco-mademoiselle-edt","status":"publish","type":"product","link":"https:\/\/perfumehouse.pl\/?product=chanel-coco-mademoiselle-edt","title":{"rendered":"Chanel Coco Mademoiselle EDT"},"content":{"rendered":"<p>Chanel Coco Mademoiselle EDT to jeden z najbardziej rozpoznawalnych i uwielbianych zapach\u00f3w damskich na \u015bwiecie \u2014 ikona klasy, elegancji i nowoczesnej kobieco\u015bci. To perfumy, kt\u00f3re \u0142\u0105cz\u0105 w sobie \u015bwie\u017co\u015b\u0107 z wyrafinowan\u0105 zmys\u0142owo\u015bci\u0105, idealne dla kobiet, kt\u00f3re chc\u0105 pachnie\u0107 elegancko i subtelnie, ale z charakterem.<\/p>\n<p>Ten zapach jest idealny dla kobiet, kt\u00f3re:<\/p>\n<p>-ceni\u0105 ponadczasow\u0105 elegancj\u0119 i szyk,<\/p>\n<p>-szukaj\u0105 perfum o uniwersalnym charakterze, pasuj\u0105cych zar\u00f3wno do dnia, jak i wieczoru,<\/p>\n<p>-lubi\u0105 aromaty klasyczne, ale z nowoczesnym twistem,<\/p>\n<p>-chc\u0105 zapachu, kt\u00f3ry jest lekki, ale wyrazisty i zapami\u0119tywalny<\/p>\n<p>Zapach otwiera si\u0119 \u015bwietlist\u0105 bergamotk\u0105 i energetyczn\u0105 pomara\u0144cz\u0105, kt\u00f3re nadaj\u0105 mu rze\u015bko\u015bci i \u015bwie\u017co\u015bci w \u015brodku pojawiaj\u0105 si\u0119 kwiatowe akcenty ja\u015bminu, r\u00f3\u017cowego pi\u017cma i ylang-ylang, kt\u00f3re wprowadzaj\u0105 elegancki, kobiecy i kwiatowy charakter \u2014 sensualny, ale nie dominuj\u0105cy. Bazowe nuty wetivera, paczuli i bia\u0142ego pi\u017cma nadaj\u0105 kompozycji g\u0142\u0119bi\u0119, trwa\u0142o\u015b\u0107 i subteln\u0105, drzewno-pi\u017cmow\u0105 elegancj\u0119. Zapach pozostaje zmys\u0142owy i wyrafinowany na sk\u00f3rze przez wiele godzin.<\/p>\n<p>Chanel Coco Mademoiselle to perfumy, kt\u00f3re \u0142\u0105cz\u0105 \u015bwie\u017co\u015b\u0107 z wyrafinowan\u0105 kobieco\u015bci\u0105. To zapach lekkiej elegancji, kt\u00f3ry \u015bwietnie sprawdzi si\u0119:<\/p>\n<p>-na co dzie\u0144, do pracy, na spacer, czy\u00a0 lunch z przyjaci\u00f3\u0142mi<\/p>\n<p>-pi\u0119knie zab\u0142y\u015bnie podczas wieczornych wyj\u015b\u0107 i wyj\u0105tkowych moment\u00f3w.<\/p>\n","protected":false},"excerpt":{"rendered":"<p>Chanel Coco Mademoiselle EDT &#8211; Odlewka perfum<\/p>\n","protected":false},"featured_media":429,"comment_status":"open","ping_status":"closed","template":"","meta":[],"product_brand":[],"product_cat":[18],"product_tag":[],"class_list":{"0":"post-424","1":"product","2":"type-product","3":"status-publish","4":"has-post-thumbnail","6":"product_cat-damskie","8":"first","9":"instock","10":"taxable","11":"shipping-taxable","12":"purchasable","13":"product-type-variable"},"_links":{"self":[{"href":"https:\/\/perfumehouse.pl\/index.php?rest_route=\/wp\/v2\/product\/424","targetHints":{"allow":["GET"]}}],"collection":[{"href":"https:\/\/perfumehouse.pl\/index.php?rest_route=\/wp\/v2\/product"}],"about":[{"href":"https:\/\/perfumehouse.pl\/index.php?rest_route=\/wp\/v2\/types\/product"}],"replies":[{"embeddable":true,"href":"https:\/\/perfumehouse.pl\/index.php?rest_route=%2Fwp%2Fv2%2Fcomments&post=424"}],"wp:featuredmedia":[{"embeddable":true,"href":"https:\/\/perfumehouse.pl\/index.php?rest_route=\/wp\/v2\/media\/429"}],"wp:attachment":[{"href":"https:\/\/perfumehouse.pl\/index.php?rest_route=%2Fwp%2Fv2%2Fmedia&parent=424"}],"wp:term":[{"taxonomy":"product_brand","embeddable":true,"href":"https:\/\/perfumehouse.pl\/index.php?rest_route=%2Fwp%2Fv2%2Fproduct_brand&post=424"},{"taxonomy":"product_cat","embeddable":true,"href":"https:\/\/perfumehouse.pl\/index.php?rest_route=%2Fwp%2Fv2%2Fproduct_cat&post=424"},{"taxonomy":"product_tag","embeddable":true,"href":"https:\/\/perfumehouse.pl\/index.php?rest_route=%2Fwp%2Fv2%2Fproduct_tag&post=424"}],"curies":[{"name":"wp","href":"https:\/\/api.w.org\/{rel}","templated":true}]}}