{"id":389,"date":"2026-03-09T11:50:36","date_gmt":"2026-03-09T10:50:36","guid":{"rendered":"https:\/\/perfumehouse.pl\/?post_type=product&#038;p=389"},"modified":"2026-03-21T13:43:05","modified_gmt":"2026-03-21T12:43:05","slug":"jean-paul-gaultier-le-beau-le-parfum-edp","status":"publish","type":"product","link":"https:\/\/perfumehouse.pl\/?product=jean-paul-gaultier-le-beau-le-parfum-edp","title":{"rendered":"Jean Paul Gaultier Le Beau Le Parfum EDP"},"content":{"rendered":"<p>Jean Paul Gaultier Le Beau Le Parfum EDP to zmys\u0142owy, luksusowy i nowoczesny zapach, kt\u00f3ry \u0142\u0105czy \u015bwie\u017co\u015b\u0107 z intensywn\u0105 s\u0142odycz\u0105 \u2014 idealny dla m\u0119\u017cczyzny, kt\u00f3ry chce pachnie\u0107 elegancko, poci\u0105gaj\u0105co i z charakterem. To aromat pe\u0142en kontrast\u00f3w: \u015bwie\u017cy jak morska bryza, a jednocze\u015bnie ciep\u0142y i uwodzicielski jak wieczorne s\u0142o\u0144ce.<\/p>\n<p>Zapach jest idealny dla m\u0119\u017cczyzn, kt\u00f3rzy:<\/p>\n<p>-lubi\u0105 zapachy wyrafinowane i zmys\u0142owe, nieoczywiste, a przy tym eleganckie,<\/p>\n<p>-chc\u0105 perfum, kt\u00f3re podkre\u015blaj\u0105 ich osobowo\u015b\u0107 i styl,<\/p>\n<p>-szukaj\u0105 aromatu idealnego na wiecz\u00f3r, randk\u0119 lub specjalne okazje,<\/p>\n<p>-ceni\u0105 zapachy, kt\u00f3re \u0142\u0105cz\u0105 \u015bwie\u017co\u015b\u0107 z subteln\u0105 intensywno\u015bci\u0105<\/p>\n<p>Kompozycja otwiera si\u0119 soczystymi nutami bergamotki i owoc\u00f3w tropikalnych, co daje poczucie \u015bwie\u017co\u015bci i lekko\u015bci, nast\u0119pnie pojawia si\u0119 lawenda i nuty kwiatowe, kt\u00f3re wprowadzaj\u0105 aromatyczn\u0105 elegancj\u0119 i klasyczn\u0105 m\u0119sko\u015b\u0107 \u2014 subtelne, ale bardzo przyjemne.<\/p>\n<p>Podstaw\u0119 zapachu tworz\u0105 kakao, drzewo cedrowe i paczuli, kt\u00f3re nadaj\u0105 kompozycji g\u0142\u0119bi, ciep\u0142a i zmys\u0142owej s\u0142odyczy. To w\u0142a\u015bnie te nuty sprawiaj\u0105, \u017ce zapach pozostaje na sk\u00f3rze d\u0142ugo, otulaj\u0105c j\u0105 i tworz\u0105c przyjemne, kusz\u0105ce wra\u017cenie.<\/p>\n","protected":false},"excerpt":{"rendered":"<p>Jean Paul Gaultier Le Beau Le Parfum EDP &#8211; Odlewka perfum<\/p>\n","protected":false},"featured_media":581,"comment_status":"open","ping_status":"closed","template":"","meta":[],"product_brand":[],"product_cat":[19],"product_tag":[],"class_list":{"0":"post-389","1":"product","2":"type-product","3":"status-publish","4":"has-post-thumbnail","6":"product_cat-meskie","8":"first","9":"instock","10":"taxable","11":"shipping-taxable","12":"purchasable","13":"product-type-variable"},"_links":{"self":[{"href":"https:\/\/perfumehouse.pl\/index.php?rest_route=\/wp\/v2\/product\/389","targetHints":{"allow":["GET"]}}],"collection":[{"href":"https:\/\/perfumehouse.pl\/index.php?rest_route=\/wp\/v2\/product"}],"about":[{"href":"https:\/\/perfumehouse.pl\/index.php?rest_route=\/wp\/v2\/types\/product"}],"replies":[{"embeddable":true,"href":"https:\/\/perfumehouse.pl\/index.php?rest_route=%2Fwp%2Fv2%2Fcomments&post=389"}],"wp:featuredmedia":[{"embeddable":true,"href":"https:\/\/perfumehouse.pl\/index.php?rest_route=\/wp\/v2\/media\/581"}],"wp:attachment":[{"href":"https:\/\/perfumehouse.pl\/index.php?rest_route=%2Fwp%2Fv2%2Fmedia&parent=389"}],"wp:term":[{"taxonomy":"product_brand","embeddable":true,"href":"https:\/\/perfumehouse.pl\/index.php?rest_route=%2Fwp%2Fv2%2Fproduct_brand&post=389"},{"taxonomy":"product_cat","embeddable":true,"href":"https:\/\/perfumehouse.pl\/index.php?rest_route=%2Fwp%2Fv2%2Fproduct_cat&post=389"},{"taxonomy":"product_tag","embeddable":true,"href":"https:\/\/perfumehouse.pl\/index.php?rest_route=%2Fwp%2Fv2%2Fproduct_tag&post=389"}],"curies":[{"name":"wp","href":"https:\/\/api.w.org\/{rel}","templated":true}]}}