{"id":383,"date":"2026-03-09T11:45:55","date_gmt":"2026-03-09T10:45:55","guid":{"rendered":"https:\/\/perfumehouse.pl\/?post_type=product&#038;p=383"},"modified":"2026-03-21T13:43:56","modified_gmt":"2026-03-21T12:43:56","slug":"jean-paul-gaultier-le-male-elixir-parfum","status":"publish","type":"product","link":"https:\/\/perfumehouse.pl\/?product=jean-paul-gaultier-le-male-elixir-parfum","title":{"rendered":"Jean Paul Gaultier Le M\u00e2le Elixir Parfum"},"content":{"rendered":"<p>Jean Paul Gaultier Le M\u00e2le Elixir Parfum to intensywna, zmys\u0142owa i wyrafinowana wersja kultowego zapachu Le M\u00e2le. To aromat dla m\u0119\u017cczyzny, kt\u00f3ry chce zostawi\u0107 po sobie silne, eleganckie i pami\u0119tne wra\u017cenie \u2014 po\u0142\u0105czenie klasyki z nowoczesn\u0105 g\u0142\u0119bi\u0105.<\/p>\n<p>Ten zapach jest idealny dla m\u0119\u017cczyzn, kt\u00f3rzy:<\/p>\n<p>-lubi\u0105 g\u0142\u0119bokie, aromatyczne perfumy z charakterem,<\/p>\n<p>-ceni\u0105 odwa\u017cne kompozycje, kt\u00f3re wyr\u00f3\u017cniaj\u0105 si\u0119 w t\u0142umie,<\/p>\n<p>-chc\u0105 zapachu na wiecz\u00f3r, randk\u0119 lub specjalne okazje,<\/p>\n<p>-chc\u0105 perfum, kt\u00f3re \u0142\u0105cz\u0105 w sobie zmys\u0142owo\u015b\u0107 z m\u0119sk\u0105 elegancj\u0105<\/p>\n<p>Zapach zaczyna si\u0119 od intensywnych, korzennych akord\u00f3w imbiru i kardamonu, kt\u00f3re tworz\u0105 energetyczne i od razu wyr\u00f3\u017cniaj\u0105ce si\u0119 wra\u017cenie, nast\u0119pnie pojawia si\u0119 lawenda i sza\u0142wia, kt\u00f3re nadaj\u0105 zapachowi aromatyczn\u0105 elegancj\u0119, subteln\u0105 \u015bwie\u017co\u015b\u0107 i z\u0142o\u017cono\u015b\u0107 \u2014 wspieraj\u0105c jego m\u0119sko\u015b\u0107 bez nadmiernej ostentacji. Baz\u0119 tworz\u0105 wanilia, fasolka tonka i cedr, kt\u00f3re wnosz\u0105 g\u0142\u0119bok\u0105, ciep\u0142\u0105 i zmys\u0142ow\u0105 s\u0142odycz. To w\u0142a\u015bnie ta cz\u0119\u015b\u0107 perfum sprawia, \u017ce zapach d\u0142ugo utrzymuje si\u0119 na sk\u00f3rze i otula j\u0105 jak elegancki, wieczorowy garnitur.<\/p>\n<p>Jean Paul Gaultier Le M\u00e2le Elixir Parfum to zapach intensywny, wyrafinowany i elegancki \u2014 idealny dla m\u0119\u017cczyzny, kt\u00f3ry chce pachnie\u0107 wyj\u0105tkowo i zostawi\u0107 po sobie silne wra\u017cenie.<\/p>\n<p>Po\u0142\u0105czenie \u015bwie\u017co\u015bci z korzenn\u0105 g\u0142\u0119bi\u0105 oraz zmys\u0142ow\u0105 baz\u0105 sprawia, \u017ce jest to perfum doskona\u0142y na wiecz\u00f3r, randki lub wyj\u0105tkowe chwile.<\/p>\n","protected":false},"excerpt":{"rendered":"<p>Jean Paul Gaultier Le M\u00e2le Elixir Parfum &#8211; Odlewka perfum<\/p>\n","protected":false},"featured_media":583,"comment_status":"open","ping_status":"closed","template":"","meta":[],"product_brand":[],"product_cat":[19],"product_tag":[],"class_list":{"0":"post-383","1":"product","2":"type-product","3":"status-publish","4":"has-post-thumbnail","6":"product_cat-meskie","8":"first","9":"instock","10":"taxable","11":"shipping-taxable","12":"purchasable","13":"product-type-variable"},"_links":{"self":[{"href":"https:\/\/perfumehouse.pl\/index.php?rest_route=\/wp\/v2\/product\/383","targetHints":{"allow":["GET"]}}],"collection":[{"href":"https:\/\/perfumehouse.pl\/index.php?rest_route=\/wp\/v2\/product"}],"about":[{"href":"https:\/\/perfumehouse.pl\/index.php?rest_route=\/wp\/v2\/types\/product"}],"replies":[{"embeddable":true,"href":"https:\/\/perfumehouse.pl\/index.php?rest_route=%2Fwp%2Fv2%2Fcomments&post=383"}],"wp:featuredmedia":[{"embeddable":true,"href":"https:\/\/perfumehouse.pl\/index.php?rest_route=\/wp\/v2\/media\/583"}],"wp:attachment":[{"href":"https:\/\/perfumehouse.pl\/index.php?rest_route=%2Fwp%2Fv2%2Fmedia&parent=383"}],"wp:term":[{"taxonomy":"product_brand","embeddable":true,"href":"https:\/\/perfumehouse.pl\/index.php?rest_route=%2Fwp%2Fv2%2Fproduct_brand&post=383"},{"taxonomy":"product_cat","embeddable":true,"href":"https:\/\/perfumehouse.pl\/index.php?rest_route=%2Fwp%2Fv2%2Fproduct_cat&post=383"},{"taxonomy":"product_tag","embeddable":true,"href":"https:\/\/perfumehouse.pl\/index.php?rest_route=%2Fwp%2Fv2%2Fproduct_tag&post=383"}],"curies":[{"name":"wp","href":"https:\/\/api.w.org\/{rel}","templated":true}]}}