{"id":377,"date":"2026-03-09T11:42:59","date_gmt":"2026-03-09T10:42:59","guid":{"rendered":"https:\/\/perfumehouse.pl\/?post_type=product&#038;p=377"},"modified":"2026-03-21T13:44:38","modified_gmt":"2026-03-21T12:44:38","slug":"azzaro-wanted-edp","status":"publish","type":"product","link":"https:\/\/perfumehouse.pl\/?product=azzaro-wanted-edp","title":{"rendered":"Azzaro Wanted EDP"},"content":{"rendered":"<p>Azzaro Wanted EDP to zapach dla m\u0119\u017cczyzny, kt\u00f3ry lubi podkre\u015bla\u0107 swoj\u0105 osobowo\u015b\u0107 i by\u0107 pami\u0119tany. To dynamiczna, energetyczna kompozycja \u2014 \u015bwie\u017ca, odwa\u017cna i niezwykle m\u0119ska, kt\u00f3ra idealnie sprawdza si\u0119 zar\u00f3wno w ci\u0105gu dnia, jak i na wiecz\u00f3r.<\/p>\n<p>Ten zapach jest idealny dla m\u0119\u017cczyzn, kt\u00f3rzy:<\/p>\n<p>-ceni\u0105 \u015bwie\u017ce aromaty z charakterem,<\/p>\n<p>-lubi\u0105 perfumy, kt\u00f3re zwracaj\u0105 uwag\u0119 bez bycia zbyt ci\u0119\u017ckimi,<\/p>\n<p>-chc\u0105 pachnie\u0107 pewnie, ale naturalnie,<\/p>\n<p>-szukaj\u0105 zapachu uniwersalnego \u2014 na co dzie\u0144, do pracy i na spotkania towarzyskie<\/p>\n<p>Kompozycja otwiera si\u0119 soczystymi akcentami cytrus\u00f3w i limonki, kt\u00f3re daj\u0105 \u015bwie\u017ce, energetyzuj\u0105ce pierwsze wra\u017cenie, nast\u0119pnie pojawia si\u0119 kolendra i kardamon, kt\u00f3re dodaj\u0105 aromatowi lekko pikantnej z\u0142o\u017cono\u015bci \u2014 ciekawe, m\u0119skie i intensywne, ale jednocze\u015bnie eleganckie. Baz\u0119 tworzy cedr, wetiweria i tonka, kt\u00f3re nadaj\u0105 zapachowi g\u0142\u0119bi, trwa\u0142o\u015bci i drzewnego, m\u0119skiego finiszu \u2014 aromat pozostaje na sk\u00f3rze d\u0142ugo, ale nie przyt\u0142acza.<\/p>\n<p>Azzaro Wanted to zapach \u015bwie\u017cy, nowoczesny i pe\u0142en energii \u2014 doskona\u0142y, gdy chcesz pachnie\u0107 stylowo i dynamicznie. To idealna propozycja na dzie\u0144 do pracy, spotkania z przyjaci\u00f3\u0142mi, ale tak\u017ce na wieczorne wyj\u015bcia, gdy chcesz zostawi\u0107 po sobie dobre wra\u017cenie.<\/p>\n","protected":false},"excerpt":{"rendered":"<p>Azzaro Wanted EDP &#8211; Odlewka perfum<\/p>\n","protected":false},"featured_media":624,"comment_status":"open","ping_status":"closed","template":"","meta":[],"product_brand":[],"product_cat":[19],"product_tag":[],"class_list":{"0":"post-377","1":"product","2":"type-product","3":"status-publish","4":"has-post-thumbnail","6":"product_cat-meskie","8":"first","9":"instock","10":"taxable","11":"shipping-taxable","12":"purchasable","13":"product-type-variable"},"_links":{"self":[{"href":"https:\/\/perfumehouse.pl\/index.php?rest_route=\/wp\/v2\/product\/377","targetHints":{"allow":["GET"]}}],"collection":[{"href":"https:\/\/perfumehouse.pl\/index.php?rest_route=\/wp\/v2\/product"}],"about":[{"href":"https:\/\/perfumehouse.pl\/index.php?rest_route=\/wp\/v2\/types\/product"}],"replies":[{"embeddable":true,"href":"https:\/\/perfumehouse.pl\/index.php?rest_route=%2Fwp%2Fv2%2Fcomments&post=377"}],"wp:featuredmedia":[{"embeddable":true,"href":"https:\/\/perfumehouse.pl\/index.php?rest_route=\/wp\/v2\/media\/624"}],"wp:attachment":[{"href":"https:\/\/perfumehouse.pl\/index.php?rest_route=%2Fwp%2Fv2%2Fmedia&parent=377"}],"wp:term":[{"taxonomy":"product_brand","embeddable":true,"href":"https:\/\/perfumehouse.pl\/index.php?rest_route=%2Fwp%2Fv2%2Fproduct_brand&post=377"},{"taxonomy":"product_cat","embeddable":true,"href":"https:\/\/perfumehouse.pl\/index.php?rest_route=%2Fwp%2Fv2%2Fproduct_cat&post=377"},{"taxonomy":"product_tag","embeddable":true,"href":"https:\/\/perfumehouse.pl\/index.php?rest_route=%2Fwp%2Fv2%2Fproduct_tag&post=377"}],"curies":[{"name":"wp","href":"https:\/\/api.w.org\/{rel}","templated":true}]}}