{"id":365,"date":"2026-03-09T11:31:19","date_gmt":"2026-03-09T10:31:19","guid":{"rendered":"https:\/\/perfumehouse.pl\/?post_type=product&#038;p=365"},"modified":"2026-03-21T13:46:42","modified_gmt":"2026-03-21T12:46:42","slug":"jean-paul-gaultier-le-male-le-parfum-edp","status":"publish","type":"product","link":"https:\/\/perfumehouse.pl\/?product=jean-paul-gaultier-le-male-le-parfum-edp","title":{"rendered":"Jean Paul Gaultier Le M\u00e2le Le Parfum EDP"},"content":{"rendered":"<p>Jean Paul Gaultier Le M\u00e2le Le Parfum EDP to intensywna, nowoczesna i zmys\u0142owa reinterpretacja kultowego klasyka Le M\u00e2le. To zapach stworzony dla m\u0119\u017cczyzny, kt\u00f3ry nie boi si\u0119 by\u0107 sob\u0105 \u2014 \u0142\u0105czy w sobie wyrafinowan\u0105 elegancj\u0119 z si\u0142\u0105 i magnetyzmem, dzi\u0119ki czemu zostawia trwa\u0142e wra\u017cenie.<\/p>\n<p>Ten zapach jest idealny dla m\u0119\u017cczyzn, kt\u00f3rzy:<\/p>\n<p>-lubi\u0105 mocne, wyraziste perfumy z charakterem,<\/p>\n<p>-ceni\u0105 aromaty, kt\u00f3re przyci\u0105gaj\u0105 uwag\u0119, ale pozostaj\u0105 eleganckie,<\/p>\n<p>-szukaj\u0105 zapachu, kt\u00f3ry sprawdzi si\u0119 na wieczorne wyj\u015bcia, randki i wyj\u0105tkowe chwile,<\/p>\n<p>-chc\u0105 perfum trwa\u0142ych, kt\u00f3re utrzymuj\u0105 si\u0119 d\u0142ugo i buduj\u0105 aur\u0119 pewno\u015bci siebie<\/p>\n<p>Kompozycja otwiera si\u0119 intensywnym aromatem cytrus\u00f3w i kardamonu, kt\u00f3re tworz\u0105 energetyczne, \u015bwie\u017ce i lekko korzenne pocz\u0105tki, nast\u0119pnie ujawniaj\u0105 si\u0119 lawenda i sza\u0142wia, kt\u00f3re wprowadzaj\u0105 aromatyczn\u0105, zio\u0142ow\u0105 elegancj\u0119. To w\u0142a\u015bnie te nuty dodaj\u0105 zapachowi klasy i g\u0142\u0119bi, czyni\u0105c go bardziej wyrafinowanym.<\/p>\n<p>Podstaw\u0119 tworzy wanilia z Tahiti i fasolka tonka, kt\u00f3re wnosz\u0105 g\u0142\u0119bok\u0105, kremow\u0105 s\u0142odycz i zmys\u0142owo\u015b\u0107. Ta ciep\u0142a, s\u0142odka baza otula sk\u00f3r\u0119 i sprawia, \u017ce zapach d\u0142ugo pozostaje w pami\u0119ci.<\/p>\n<p>Jean Paul Gaultier Le M\u00e2le Le Parfum to zapach intensywny, zmys\u0142owy i bardzo m\u0119ski \u2014 idealny, gdy chcesz pachnie\u0107 g\u0142\u0119boko, elegancko i z charakterem. \u015awietnie sprawdza si\u0119 zar\u00f3wno wieczorem, jak i podczas wyj\u0105tkowych okazji, kiedy chcesz zrobi\u0107 wra\u017cenie. To po\u0142\u0105czenie \u015bwie\u017co\u015bci z kremow\u0105 s\u0142odycz\u0105, kt\u00f3re daje efekt elegancji i uwodzicielskiego uroku.<\/p>\n","protected":false},"excerpt":{"rendered":"<p>Jean Paul Gaultier Le M\u00e2le Le Parfum EDP &#8211; Odlewka perfum<\/p>\n","protected":false},"featured_media":587,"comment_status":"open","ping_status":"closed","template":"","meta":[],"product_brand":[],"product_cat":[19],"product_tag":[],"class_list":{"0":"post-365","1":"product","2":"type-product","3":"status-publish","4":"has-post-thumbnail","6":"product_cat-meskie","8":"first","9":"instock","10":"taxable","11":"shipping-taxable","12":"purchasable","13":"product-type-variable"},"_links":{"self":[{"href":"https:\/\/perfumehouse.pl\/index.php?rest_route=\/wp\/v2\/product\/365","targetHints":{"allow":["GET"]}}],"collection":[{"href":"https:\/\/perfumehouse.pl\/index.php?rest_route=\/wp\/v2\/product"}],"about":[{"href":"https:\/\/perfumehouse.pl\/index.php?rest_route=\/wp\/v2\/types\/product"}],"replies":[{"embeddable":true,"href":"https:\/\/perfumehouse.pl\/index.php?rest_route=%2Fwp%2Fv2%2Fcomments&post=365"}],"wp:featuredmedia":[{"embeddable":true,"href":"https:\/\/perfumehouse.pl\/index.php?rest_route=\/wp\/v2\/media\/587"}],"wp:attachment":[{"href":"https:\/\/perfumehouse.pl\/index.php?rest_route=%2Fwp%2Fv2%2Fmedia&parent=365"}],"wp:term":[{"taxonomy":"product_brand","embeddable":true,"href":"https:\/\/perfumehouse.pl\/index.php?rest_route=%2Fwp%2Fv2%2Fproduct_brand&post=365"},{"taxonomy":"product_cat","embeddable":true,"href":"https:\/\/perfumehouse.pl\/index.php?rest_route=%2Fwp%2Fv2%2Fproduct_cat&post=365"},{"taxonomy":"product_tag","embeddable":true,"href":"https:\/\/perfumehouse.pl\/index.php?rest_route=%2Fwp%2Fv2%2Fproduct_tag&post=365"}],"curies":[{"name":"wp","href":"https:\/\/api.w.org\/{rel}","templated":true}]}}