{"id":358,"date":"2026-03-06T16:53:34","date_gmt":"2026-03-06T15:53:34","guid":{"rendered":"https:\/\/perfumehouse.pl\/?post_type=product&#038;p=358"},"modified":"2026-03-21T13:47:26","modified_gmt":"2026-03-21T12:47:26","slug":"armani-acqua-di-gio-edt-refill","status":"publish","type":"product","link":"https:\/\/perfumehouse.pl\/?product=armani-acqua-di-gio-edt-refill","title":{"rendered":"Giorgio Armani Aqua Di Gio EDT"},"content":{"rendered":"<p>Giorgio Armani Aqua Di Gio EDT to kultowy, \u015bwie\u017cy i ponadczasowy zapach m\u0119ski, kt\u00f3ry od lat kr\u00f3luje w \u015bwiadomo\u015bci mi\u0142o\u015bnik\u00f3w perfum.<\/p>\n<p>Ten zapach jest idealny dla m\u0119\u017cczyzn, kt\u00f3rzy:<\/p>\n<p>-kochaj\u0105 \u015bwie\u017ce, naturalne aromaty przypominaj\u0105ce powiew morza i pla\u017c\u0119,<\/p>\n<p>-ceni\u0105 elegancj\u0119 z odrobin\u0105 nieskr\u0119powanej swobody<\/p>\n<p>-szukaj\u0105 perfum uniwersalnych \u2013 kt\u00f3re pasuj\u0105 zar\u00f3wno do pracy, codziennych stylizacji, jak i letnich spotka\u0144<\/p>\n<p>-lubi\u0105 zapachy, kt\u00f3re s\u0105 przyjemne, \u015bwie\u017ce i \u201eczyste\u201d, ale nie gin\u0105 niezauwa\u017cone<\/p>\n<p>Zapach otwiera si\u0119 eksplozj\u0105 cytrus\u00f3w i nut morskich \u2013 \u015bwie\u017ca bergamotka splata si\u0119 z delikatnymi akordami oceanu, nast\u0119pnie pojawia si\u0119 mieszanka jasminu, rozmarynu i cedru, kt\u00f3ra dodaje kompozycji aromatycznej g\u0142\u0119bi i delikatnej m\u0119sko\u015bci, baz\u0119 tworz\u0105 pi\u017cmo i paczuli, kt\u00f3re dodaj\u0105 zapachowi trwa\u0142o\u015bci i subtelnej zmys\u0142owo\u015bci \u2014 aromat utrzymuje si\u0119 na sk\u00f3rze jeszcze d\u0142ugo po pierwszych nutach \u015bwie\u017co\u015bci.<\/p>\n<p>Acqua Di Gio to synonim morskiej \u015bwie\u017co\u015bci, naturalnej elegancji i ponadczasowego stylu. To zapach, kt\u00f3ry przypomina s\u0142o\u0144ce odbijaj\u0105ce si\u0119 od fal i lekki wiatr muskaj\u0105cy sk\u00f3r\u0119 \u2014 idealny na cieplejsze dni, wakacyjne wyj\u015bcia i codzienne chwile, gdy chcesz pachnie\u0107 pewnie, \u015bwie\u017co i elegancko.<\/p>\n","protected":false},"excerpt":{"rendered":"<p>Armani Acqua Di Gio EDT &#8211; Odlewka perfum<\/p>\n","protected":false},"featured_media":589,"comment_status":"open","ping_status":"closed","template":"","meta":[],"product_brand":[],"product_cat":[19],"product_tag":[],"class_list":{"0":"post-358","1":"product","2":"type-product","3":"status-publish","4":"has-post-thumbnail","6":"product_cat-meskie","8":"first","9":"instock","10":"taxable","11":"shipping-taxable","12":"purchasable","13":"product-type-variable"},"_links":{"self":[{"href":"https:\/\/perfumehouse.pl\/index.php?rest_route=\/wp\/v2\/product\/358","targetHints":{"allow":["GET"]}}],"collection":[{"href":"https:\/\/perfumehouse.pl\/index.php?rest_route=\/wp\/v2\/product"}],"about":[{"href":"https:\/\/perfumehouse.pl\/index.php?rest_route=\/wp\/v2\/types\/product"}],"replies":[{"embeddable":true,"href":"https:\/\/perfumehouse.pl\/index.php?rest_route=%2Fwp%2Fv2%2Fcomments&post=358"}],"wp:featuredmedia":[{"embeddable":true,"href":"https:\/\/perfumehouse.pl\/index.php?rest_route=\/wp\/v2\/media\/589"}],"wp:attachment":[{"href":"https:\/\/perfumehouse.pl\/index.php?rest_route=%2Fwp%2Fv2%2Fmedia&parent=358"}],"wp:term":[{"taxonomy":"product_brand","embeddable":true,"href":"https:\/\/perfumehouse.pl\/index.php?rest_route=%2Fwp%2Fv2%2Fproduct_brand&post=358"},{"taxonomy":"product_cat","embeddable":true,"href":"https:\/\/perfumehouse.pl\/index.php?rest_route=%2Fwp%2Fv2%2Fproduct_cat&post=358"},{"taxonomy":"product_tag","embeddable":true,"href":"https:\/\/perfumehouse.pl\/index.php?rest_route=%2Fwp%2Fv2%2Fproduct_tag&post=358"}],"curies":[{"name":"wp","href":"https:\/\/api.w.org\/{rel}","templated":true}]}}