{"id":339,"date":"2026-03-06T16:18:02","date_gmt":"2026-03-06T15:18:02","guid":{"rendered":"https:\/\/perfumehouse.pl\/?post_type=product&#038;p=339"},"modified":"2026-03-21T13:50:07","modified_gmt":"2026-03-21T12:50:07","slug":"prada-luna-rossa-black-edp","status":"publish","type":"product","link":"https:\/\/perfumehouse.pl\/?product=prada-luna-rossa-black-edp","title":{"rendered":"Prada Luna Rossa Black EDP"},"content":{"rendered":"<p>Prada Luna Rossa Black EDP to nowoczesny, zmys\u0142owy zapach dla m\u0119\u017cczyzny, kt\u00f3ry \u0142\u0105czy w sobie elegancj\u0119, intensywno\u015b\u0107 i \u015bwie\u017co\u015b\u0107. To kompozycja inspirowana kontrastami \u2013 ciemn\u0105, magnetyczn\u0105 g\u0142\u0119bi\u0105 i energetyczn\u0105 \u015bwie\u017co\u015bci\u0105, kt\u00f3re razem tworz\u0105 wyj\u0105tkowo harmonijny aromat.<\/p>\n<p>Ten zapach jest idealny dla m\u0119\u017cczyzn, kt\u00f3rzy:<\/p>\n<p>-ceni\u0105 nowoczesny szyk i charakter,<\/p>\n<p>-lubi\u0105 perfumy, kt\u00f3re s\u0105 zar\u00f3wno eleganckie, jak i zdecydowane,<\/p>\n<p>-chc\u0105 zapachu, kt\u00f3ry sprawdza si\u0119 na wiecz\u00f3r, ale r\u00f3wnie\u017c w ci\u0105gu dnia,<\/p>\n<p>-szukaj\u0105 aromatu, kt\u00f3ry zostaje w pami\u0119ci, ale jest subtelny i zr\u00f3wnowa\u017cony<\/p>\n<p>Zapach otwiera si\u0119 wyra\u017an\u0105 \u015bwie\u017co\u015bci\u0105 bergamotki i pieprzu, kt\u00f3re daj\u0105 energetyczne, lekko pikantne pierwsze wra\u017cenie.<\/p>\n<p>W sercu kompozycji pojawia si\u0119 lawenda i any\u017c gwiazdkowy, podstaw\u0119 tworz\u0105 b\u00f3b tonka i pi\u017cmo, kt\u00f3re dodaj\u0105 zapachowi ciep\u0142a, g\u0142\u0119bi i zmys\u0142owego finiszu \u2013 aromat staje si\u0119 bardziej intensywny i trwa\u0142y, ale nie ci\u0119\u017cki.<\/p>\n<p>Prada Luna Rossa Black to zapach, kt\u00f3ry \u0142\u0105czy \u015bwie\u017co\u015b\u0107 z g\u0142\u0119bok\u0105 m\u0119sko\u015bci\u0105. Jest idealny na wiecz\u00f3r, randk\u0119 czy eleganckie wyj\u015bcie, ale \u015bwietnie sprawdzi si\u0119 r\u00f3wnie\u017c w ci\u0105gu dnia.<\/p>\n<p>Zapach jest elegancki, intensywny, a jednocze\u015bnie harmonijny i dobrze zbalansowany.<\/p>\n","protected":false},"excerpt":{"rendered":"<p>Prada Luna Rossa Black EDP &#8211; Odlewka perfum<\/p>\n","protected":false},"featured_media":344,"comment_status":"open","ping_status":"closed","template":"","meta":[],"product_brand":[],"product_cat":[19],"product_tag":[],"class_list":{"0":"post-339","1":"product","2":"type-product","3":"status-publish","4":"has-post-thumbnail","6":"product_cat-meskie","8":"first","9":"instock","10":"taxable","11":"shipping-taxable","12":"purchasable","13":"product-type-variable"},"_links":{"self":[{"href":"https:\/\/perfumehouse.pl\/index.php?rest_route=\/wp\/v2\/product\/339","targetHints":{"allow":["GET"]}}],"collection":[{"href":"https:\/\/perfumehouse.pl\/index.php?rest_route=\/wp\/v2\/product"}],"about":[{"href":"https:\/\/perfumehouse.pl\/index.php?rest_route=\/wp\/v2\/types\/product"}],"replies":[{"embeddable":true,"href":"https:\/\/perfumehouse.pl\/index.php?rest_route=%2Fwp%2Fv2%2Fcomments&post=339"}],"wp:featuredmedia":[{"embeddable":true,"href":"https:\/\/perfumehouse.pl\/index.php?rest_route=\/wp\/v2\/media\/344"}],"wp:attachment":[{"href":"https:\/\/perfumehouse.pl\/index.php?rest_route=%2Fwp%2Fv2%2Fmedia&parent=339"}],"wp:term":[{"taxonomy":"product_brand","embeddable":true,"href":"https:\/\/perfumehouse.pl\/index.php?rest_route=%2Fwp%2Fv2%2Fproduct_brand&post=339"},{"taxonomy":"product_cat","embeddable":true,"href":"https:\/\/perfumehouse.pl\/index.php?rest_route=%2Fwp%2Fv2%2Fproduct_cat&post=339"},{"taxonomy":"product_tag","embeddable":true,"href":"https:\/\/perfumehouse.pl\/index.php?rest_route=%2Fwp%2Fv2%2Fproduct_tag&post=339"}],"curies":[{"name":"wp","href":"https:\/\/api.w.org\/{rel}","templated":true}]}}