{"id":307,"date":"2026-03-06T15:37:28","date_gmt":"2026-03-06T14:37:28","guid":{"rendered":"https:\/\/perfumehouse.pl\/?post_type=product&#038;p=307"},"modified":"2026-03-21T13:55:37","modified_gmt":"2026-03-21T12:55:37","slug":"azzaro-chrome-edp","status":"publish","type":"product","link":"https:\/\/perfumehouse.pl\/?product=azzaro-chrome-edp","title":{"rendered":"Azzaro Chrome EDP"},"content":{"rendered":"<p>Azzaro Chrome EDP stworzona dla m\u0119\u017cczyzny, kt\u00f3ry ceni sobie energi\u0119, naturalno\u015b\u0107 i elegancj\u0119 w codziennym \u017cyciu. To kompozycja, kt\u00f3ra \u0142\u0105czy w sobie cytrusowy blask z aromatycznymi i drzewnymi akordami, tworz\u0105c zapach idealny na wiele okazji \u2014 od spotka\u0144 w ci\u0105gu dnia po wieczorne wyj\u015bcia.<\/p>\n<p>Ten zapach jest idealny dla m\u0119\u017cczyzn, kt\u00f3rzy:<\/p>\n<p>-lubi\u0105 \u015bwie\u017ce, energetyzuj\u0105ce aromaty, kt\u00f3re budz\u0105 zmys\u0142y,<\/p>\n<p>-ceni\u0105 zapachy uniwersalne, kt\u00f3re pasuj\u0105 zar\u00f3wno do codziennego stylu, jak i bardziej eleganckich chwil,<\/p>\n<p>-chc\u0105 pachnie\u0107 jak pewni siebie, nowocze\u015bni i aktywni faceci<\/p>\n<p>Kompozycja otwiera si\u0119 soczyst\u0105 zielon\u0105 mandarynk\u0105, kt\u00f3ra daje \u015bwie\u017cy, lekko owocowy i energetyczny efekt, nast\u0119pnie pojawia si\u0119 lawenda, kt\u00f3ra dodaje elegancji, lekko zio\u0142owej nuty i sprawia, \u017ce ca\u0142o\u015b\u0107 jest wyrafinowana, ale nie ci\u0119\u017cka.<\/p>\n<p>Podstaw\u0119 zapachu tworzy sosna \/ drzewne akordy, kt\u00f3re nadaj\u0105 kompozycji g\u0142\u0119bi i ciep\u0142a \u2014 to w\u0142a\u015bnie one utrzymuj\u0105 aromat na sk\u00f3rze najd\u0142u\u017cej, dodaj\u0105c mu m\u0119skiej si\u0142y i charakteru.<\/p>\n<p>To zapach \u015bwie\u017cy, aromatyczny i jednocze\u015bnie lekko drzewny \u2014 idealny zar\u00f3wno na dzie\u0144, jak i wiecz\u00f3r, szczeg\u00f3lnie wiosn\u0105 i latem. Azarro Chrome nadaje si\u0119 \u015bwietnie na spotkania z przyjaci\u00f3\u0142mi, do pracy czy na randk\u0119 \u2014 jest przyjemny, nienachalny, a jednocze\u015bnie pe\u0142en osobowo\u015bci.<\/p>\n","protected":false},"excerpt":{"rendered":"<p>Azzaro Chrome EDP &#8211; Odlewka perfum<\/p>\n","protected":false},"featured_media":312,"comment_status":"open","ping_status":"closed","template":"","meta":[],"product_brand":[],"product_cat":[19],"product_tag":[],"class_list":{"0":"post-307","1":"product","2":"type-product","3":"status-publish","4":"has-post-thumbnail","6":"product_cat-meskie","8":"first","9":"instock","10":"taxable","11":"shipping-taxable","12":"purchasable","13":"product-type-variable"},"_links":{"self":[{"href":"https:\/\/perfumehouse.pl\/index.php?rest_route=\/wp\/v2\/product\/307","targetHints":{"allow":["GET"]}}],"collection":[{"href":"https:\/\/perfumehouse.pl\/index.php?rest_route=\/wp\/v2\/product"}],"about":[{"href":"https:\/\/perfumehouse.pl\/index.php?rest_route=\/wp\/v2\/types\/product"}],"replies":[{"embeddable":true,"href":"https:\/\/perfumehouse.pl\/index.php?rest_route=%2Fwp%2Fv2%2Fcomments&post=307"}],"wp:featuredmedia":[{"embeddable":true,"href":"https:\/\/perfumehouse.pl\/index.php?rest_route=\/wp\/v2\/media\/312"}],"wp:attachment":[{"href":"https:\/\/perfumehouse.pl\/index.php?rest_route=%2Fwp%2Fv2%2Fmedia&parent=307"}],"wp:term":[{"taxonomy":"product_brand","embeddable":true,"href":"https:\/\/perfumehouse.pl\/index.php?rest_route=%2Fwp%2Fv2%2Fproduct_brand&post=307"},{"taxonomy":"product_cat","embeddable":true,"href":"https:\/\/perfumehouse.pl\/index.php?rest_route=%2Fwp%2Fv2%2Fproduct_cat&post=307"},{"taxonomy":"product_tag","embeddable":true,"href":"https:\/\/perfumehouse.pl\/index.php?rest_route=%2Fwp%2Fv2%2Fproduct_tag&post=307"}],"curies":[{"name":"wp","href":"https:\/\/api.w.org\/{rel}","templated":true}]}}