{"id":302,"date":"2026-03-06T15:33:20","date_gmt":"2026-03-06T14:33:20","guid":{"rendered":"https:\/\/perfumehouse.pl\/?post_type=product&#038;p=302"},"modified":"2026-03-21T13:56:25","modified_gmt":"2026-03-21T12:56:25","slug":"dior-sauvage-edt","status":"publish","type":"product","link":"https:\/\/perfumehouse.pl\/?product=dior-sauvage-edt","title":{"rendered":"Dior Sauvage Edt"},"content":{"rendered":"<p>Dior Sauvage Edt to nowoczesny, \u015bwie\u017cy zapach stworzony dla m\u0119\u017cczyzny, kt\u00f3ry lubi by\u0107 sob\u0105 \u2014 bez udawania i bez kompromis\u00f3w. To aromat pe\u0142en energii, pewno\u015bci siebie i naturalnej m\u0119sko\u015bci.<\/p>\n<p>To idealny wyb\u00f3r dla m\u0119\u017cczyzn, kt\u00f3rzy:<\/p>\n<p>-chc\u0105 pachnie\u0107 \u015bwie\u017co i dynamicznie ka\u017cdego dnia,<\/p>\n<p>-ceni\u0105 nowoczesn\u0105 elegancj\u0119 i uniwersalno\u015b\u0107,<\/p>\n<p>-lubi\u0105 zapachy, kt\u00f3re przyci\u0105gaj\u0105 uwag\u0119, ale nie s\u0105 nachalne<\/p>\n<p>Zapach otwiera si\u0119 eksplozj\u0105 soczystej bergamotki z nut\u0105 pieprzu \u2014 daje to uczucie \u015bwie\u017co\u015bci. W \u015brodku zapachu pojawiaj\u0105 si\u0119 aromatyczne i lekko pikantne sk\u0142adniki: pieprz Sichua, lawenda, r\u00f3\u017cowy pieprz oraz zio\u0142owe akcenty geranium i elemi, kt\u00f3re dodaj\u0105 charakteru i intensywno\u015bci. Bazowe akordy ambroksanu, cedru i labdanum tworz\u0105 ciep\u0142y, lekko drzewny finisz, kt\u00f3ry utrzymuje si\u0119 na sk\u00f3rze, daj\u0105c poczucie trwa\u0142o\u015bci i klasy.<\/p>\n<p>To zapach, kt\u00f3ry mo\u017cna nosi\u0107 prawie codziennie \u2013 na co dzie\u0144 do pracy, na wieczorne spotkania ze znajomymi czy na randk\u0119. \u0141\u0105czy w sobie \u015bwie\u017co\u015b\u0107 z nut\u0105 wyrafinowanej m\u0119sko\u015bci, a jego uniwersalny charakter sprawia, \u017ce jest jednym z najbardziej rozpoznawalnych i lubianych zapach\u00f3w.<\/p>\n<p>&nbsp;<\/p>\n","protected":false},"excerpt":{"rendered":"<p>Dior Sauvage Edt &#8211; Odlewka perfum<\/p>\n","protected":false},"featured_media":301,"comment_status":"open","ping_status":"closed","template":"","meta":[],"product_brand":[],"product_cat":[19],"product_tag":[],"class_list":{"0":"post-302","1":"product","2":"type-product","3":"status-publish","4":"has-post-thumbnail","6":"product_cat-meskie","8":"first","9":"instock","10":"taxable","11":"shipping-taxable","12":"purchasable","13":"product-type-variable"},"_links":{"self":[{"href":"https:\/\/perfumehouse.pl\/index.php?rest_route=\/wp\/v2\/product\/302","targetHints":{"allow":["GET"]}}],"collection":[{"href":"https:\/\/perfumehouse.pl\/index.php?rest_route=\/wp\/v2\/product"}],"about":[{"href":"https:\/\/perfumehouse.pl\/index.php?rest_route=\/wp\/v2\/types\/product"}],"replies":[{"embeddable":true,"href":"https:\/\/perfumehouse.pl\/index.php?rest_route=%2Fwp%2Fv2%2Fcomments&post=302"}],"wp:featuredmedia":[{"embeddable":true,"href":"https:\/\/perfumehouse.pl\/index.php?rest_route=\/wp\/v2\/media\/301"}],"wp:attachment":[{"href":"https:\/\/perfumehouse.pl\/index.php?rest_route=%2Fwp%2Fv2%2Fmedia&parent=302"}],"wp:term":[{"taxonomy":"product_brand","embeddable":true,"href":"https:\/\/perfumehouse.pl\/index.php?rest_route=%2Fwp%2Fv2%2Fproduct_brand&post=302"},{"taxonomy":"product_cat","embeddable":true,"href":"https:\/\/perfumehouse.pl\/index.php?rest_route=%2Fwp%2Fv2%2Fproduct_cat&post=302"},{"taxonomy":"product_tag","embeddable":true,"href":"https:\/\/perfumehouse.pl\/index.php?rest_route=%2Fwp%2Fv2%2Fproduct_tag&post=302"}],"curies":[{"name":"wp","href":"https:\/\/api.w.org\/{rel}","templated":true}]}}