{"id":167,"date":"2026-02-02T21:01:07","date_gmt":"2026-02-02T20:01:07","guid":{"rendered":"https:\/\/perfumehouse.pl\/?post_type=product&#038;p=167"},"modified":"2026-03-21T13:57:04","modified_gmt":"2026-03-21T12:57:04","slug":"tom-ford-noir-extreme-men","status":"publish","type":"product","link":"https:\/\/perfumehouse.pl\/?product=tom-ford-noir-extreme-men","title":{"rendered":"Tom Ford Noir Extreme Men"},"content":{"rendered":"<p>Tom Ford Noir Extreme Men \u2013 luksusowa intensywno\u015b\u0107<\/p>\n<p>To zapach dla m\u0119\u017cczyzny \u015bwiadomego swojej si\u0142y i stylu. Orientalno-drzewna kompozycja otwiera si\u0119 nutami cytrus\u00f3w i przypraw, przechodz\u0105c w nuty wanilii, kardamonu i ga\u0142ki muszkato\u0142owej. Baz\u0119 tworz\u0105 drzewo sanda\u0142owe, ambra i pi\u017cmo \u2013 ciep\u0142e, d\u0142ugotrwa\u0142e, magnetyczne.<\/p>\n<p data-start=\"468\" data-end=\"646\">Odpowiedni dla m\u0119\u017cczyzn:<\/p>\n<p>-pewnych siebie, lubi\u0105cych intensywne i zmys\u0142owe nuty,<\/p>\n<p>-idealny na wiecz\u00f3r lub ch\u0142odniejsze pory roku,<\/p>\n<p>-idealn\u0105 do eleganckich stroj\u00f3w, randek czy wieczornych wyj\u015b\u0107.<\/p>\n<p>Noir Extreme Men to zapach wieczoru, luksusu i niepokoj\u0105cej zmys\u0142owo\u015bci \u2013 zostaje w pami\u0119ci i nie pozwala przej\u015b\u0107 oboj\u0119tnie.<\/p>\n","protected":false},"excerpt":{"rendered":"<p>Tom Ford Noir Extreme Men &#8211; Odlewka perfum<\/p>\n","protected":false},"featured_media":168,"comment_status":"open","ping_status":"closed","template":"","meta":[],"product_brand":[],"product_cat":[19],"product_tag":[],"class_list":{"0":"post-167","1":"product","2":"type-product","3":"status-publish","4":"has-post-thumbnail","6":"product_cat-meskie","8":"first","9":"instock","10":"taxable","11":"shipping-taxable","12":"purchasable","13":"product-type-variable"},"_links":{"self":[{"href":"https:\/\/perfumehouse.pl\/index.php?rest_route=\/wp\/v2\/product\/167","targetHints":{"allow":["GET"]}}],"collection":[{"href":"https:\/\/perfumehouse.pl\/index.php?rest_route=\/wp\/v2\/product"}],"about":[{"href":"https:\/\/perfumehouse.pl\/index.php?rest_route=\/wp\/v2\/types\/product"}],"replies":[{"embeddable":true,"href":"https:\/\/perfumehouse.pl\/index.php?rest_route=%2Fwp%2Fv2%2Fcomments&post=167"}],"wp:featuredmedia":[{"embeddable":true,"href":"https:\/\/perfumehouse.pl\/index.php?rest_route=\/wp\/v2\/media\/168"}],"wp:attachment":[{"href":"https:\/\/perfumehouse.pl\/index.php?rest_route=%2Fwp%2Fv2%2Fmedia&parent=167"}],"wp:term":[{"taxonomy":"product_brand","embeddable":true,"href":"https:\/\/perfumehouse.pl\/index.php?rest_route=%2Fwp%2Fv2%2Fproduct_brand&post=167"},{"taxonomy":"product_cat","embeddable":true,"href":"https:\/\/perfumehouse.pl\/index.php?rest_route=%2Fwp%2Fv2%2Fproduct_cat&post=167"},{"taxonomy":"product_tag","embeddable":true,"href":"https:\/\/perfumehouse.pl\/index.php?rest_route=%2Fwp%2Fv2%2Fproduct_tag&post=167"}],"curies":[{"name":"wp","href":"https:\/\/api.w.org\/{rel}","templated":true}]}}