{"id":57,"date":"2026-02-02T11:11:57","date_gmt":"2026-02-02T10:11:57","guid":{"rendered":"https:\/\/perfumehouse.pl\/?page_id=57"},"modified":"2026-03-20T23:46:24","modified_gmt":"2026-03-20T22:46:24","slug":"strona-glowna","status":"publish","type":"page","link":"https:\/\/perfumehouse.pl\/","title":{"rendered":"Strona G\u0142\u00f3wna"},"content":{"rendered":"\t\t<div data-elementor-type=\"wp-page\" data-elementor-id=\"57\" class=\"elementor elementor-57\">\n\t\t\t\t<div class=\"elementor-element elementor-element-47f1e13 e-flex e-con-boxed e-con e-parent\" data-id=\"47f1e13\" data-element_type=\"container\" data-e-type=\"container\">\n\t\t\t\t\t<div class=\"e-con-inner\">\n\t\t<div class=\"elementor-element elementor-element-66716bc e-con-full e-flex e-con e-child\" data-id=\"66716bc\" data-element_type=\"container\" data-e-type=\"container\">\n\t\t\t\t<div class=\"elementor-element elementor-element-cdf5a38 elementor-widget__width-initial elementor-widget elementor-widget-image\" data-id=\"cdf5a38\" data-element_type=\"widget\" data-e-type=\"widget\" data-widget_type=\"image.default\">\n\t\t\t\t\t\t\t\t\t\t\t\t\t\t\t<img fetchpriority=\"high\" decoding=\"async\" width=\"1536\" height=\"1024\" src=\"https:\/\/perfumehouse.pl\/wp-content\/uploads\/2026\/03\/1000039647.jpg\" class=\"attachment-1536x1536 size-1536x1536 wp-image-604\" alt=\"\" srcset=\"https:\/\/perfumehouse.pl\/wp-content\/uploads\/2026\/03\/1000039647.jpg 1536w, https:\/\/perfumehouse.pl\/wp-content\/uploads\/2026\/03\/1000039647-300x200.jpg 300w, https:\/\/perfumehouse.pl\/wp-content\/uploads\/2026\/03\/1000039647-1024x683.jpg 1024w, https:\/\/perfumehouse.pl\/wp-content\/uploads\/2026\/03\/1000039647-768x512.jpg 768w, https:\/\/perfumehouse.pl\/wp-content\/uploads\/2026\/03\/1000039647-600x400.jpg 600w\" sizes=\"(max-width: 1536px) 100vw, 1536px\" \/>\t\t\t\t\t\t\t\t\t\t\t\t\t\t\t<\/div>\n\t\t\t\t<\/div>\n\t\t<div class=\"elementor-element elementor-element-628fad2 e-con-full e-flex e-con e-child\" data-id=\"628fad2\" data-element_type=\"container\" data-e-type=\"container\">\n\t\t\t\t<div class=\"elementor-element elementor-element-662c9b4 animated-slow elementor-invisible elementor-widget elementor-widget-image\" data-id=\"662c9b4\" data-element_type=\"widget\" data-e-type=\"widget\" data-settings=\"{&quot;_animation&quot;:&quot;bounceIn&quot;}\" data-widget_type=\"image.default\">\n\t\t\t\t\t\t\t\t\t\t\t\t\t\t\t\t<a href=\"https:\/\/perfumehouse.pl\/?product_cat=damskie\">\n\t\t\t\t\t\t\t<img decoding=\"async\" width=\"780\" height=\"520\" src=\"https:\/\/perfumehouse.pl\/wp-content\/uploads\/2026\/03\/ChatGPT-Image-17-mar-2026-20_09_37-1024x683.png\" class=\"elementor-animation-pulse-grow attachment-large size-large wp-image-553\" alt=\"\" srcset=\"https:\/\/perfumehouse.pl\/wp-content\/uploads\/2026\/03\/ChatGPT-Image-17-mar-2026-20_09_37-1024x683.png 1024w, https:\/\/perfumehouse.pl\/wp-content\/uploads\/2026\/03\/ChatGPT-Image-17-mar-2026-20_09_37-300x200.png 300w, https:\/\/perfumehouse.pl\/wp-content\/uploads\/2026\/03\/ChatGPT-Image-17-mar-2026-20_09_37-768x512.png 768w, https:\/\/perfumehouse.pl\/wp-content\/uploads\/2026\/03\/ChatGPT-Image-17-mar-2026-20_09_37-600x400.png 600w, https:\/\/perfumehouse.pl\/wp-content\/uploads\/2026\/03\/ChatGPT-Image-17-mar-2026-20_09_37.png 1536w\" sizes=\"(max-width: 780px) 100vw, 780px\" \/>\t\t\t\t\t\t\t\t<\/a>\n\t\t\t\t\t\t\t\t\t\t\t\t\t\t\t<\/div>\n\t\t\t\t<\/div>\n\t\t<div class=\"elementor-element elementor-element-db0e831 e-con-full e-flex e-con e-child\" data-id=\"db0e831\" data-element_type=\"container\" data-e-type=\"container\">\n\t\t\t\t<div class=\"elementor-element elementor-element-ad471bc animated-slow elementor-invisible elementor-widget elementor-widget-image\" data-id=\"ad471bc\" data-element_type=\"widget\" data-e-type=\"widget\" data-settings=\"{&quot;_animation&quot;:&quot;bounceIn&quot;}\" data-widget_type=\"image.default\">\n\t\t\t\t\t\t\t\t\t\t\t\t\t\t\t\t<a href=\"https:\/\/perfumehouse.pl\/?product_cat=meskie\">\n\t\t\t\t\t\t\t<img decoding=\"async\" width=\"780\" height=\"520\" src=\"https:\/\/perfumehouse.pl\/wp-content\/uploads\/2026\/03\/Perfumy-meskie-na-drewnianym-tle-1024x683.png\" class=\"elementor-animation-pulse-grow attachment-large size-large wp-image-554\" alt=\"\" srcset=\"https:\/\/perfumehouse.pl\/wp-content\/uploads\/2026\/03\/Perfumy-meskie-na-drewnianym-tle-1024x683.png 1024w, https:\/\/perfumehouse.pl\/wp-content\/uploads\/2026\/03\/Perfumy-meskie-na-drewnianym-tle-300x200.png 300w, https:\/\/perfumehouse.pl\/wp-content\/uploads\/2026\/03\/Perfumy-meskie-na-drewnianym-tle-768x512.png 768w, https:\/\/perfumehouse.pl\/wp-content\/uploads\/2026\/03\/Perfumy-meskie-na-drewnianym-tle-600x400.png 600w, https:\/\/perfumehouse.pl\/wp-content\/uploads\/2026\/03\/Perfumy-meskie-na-drewnianym-tle.png 1536w\" sizes=\"(max-width: 780px) 100vw, 780px\" \/>\t\t\t\t\t\t\t\t<\/a>\n\t\t\t\t\t\t\t\t\t\t\t\t\t\t\t<\/div>\n\t\t\t\t<\/div>\n\t\t\t\t\t<\/div>\n\t\t\t\t<\/div>\n\t\t<div class=\"elementor-element elementor-element-a65059c e-flex e-con-boxed e-con e-parent\" data-id=\"a65059c\" data-element_type=\"container\" data-e-type=\"container\">\n\t\t\t\t\t<div class=\"e-con-inner\">\n\t\t\t\t<div class=\"elementor-element elementor-element-16e6a5f elementor-widget elementor-widget-heading\" data-id=\"16e6a5f\" data-element_type=\"widget\" data-e-type=\"widget\" data-widget_type=\"heading.default\">\n\t\t\t\t\t<h2 class=\"elementor-heading-title elementor-size-default\">Poznaj Perfume House Anna Maksimowicz<\/h2>\t\t\t\t<\/div>\n\t\t\t\t\t<\/div>\n\t\t\t\t<\/div>\n\t\t<div class=\"elementor-element elementor-element-747e9ab e-con-full e-flex e-con e-parent\" data-id=\"747e9ab\" data-element_type=\"container\" data-e-type=\"container\">\n\t\t\t\t<div class=\"elementor-element elementor-element-0a98d7d elementor-widget-mobile__width-initial elementor-widget elementor-widget-text-editor\" data-id=\"0a98d7d\" data-element_type=\"widget\" data-e-type=\"widget\" data-widget_type=\"text-editor.default\">\n\t\t\t\t\t\t\t\t\t<p>Nazywam si\u0119 Ania i jestem mi\u0142o\u015bniczk\u0105 perfum \u2014 tych klasycznych, eleganckich i tych, kt\u00f3re po prostu sprawiaj\u0105, \u017ce czujemy si\u0119 wyj\u0105tkowo.\u00a0<\/p><p>Od lat fascynuje mnie \u015bwiat nut zapachowych, ich charakter, g\u0142\u0119bia i to, jak potrafi\u0105 podkre\u015bli\u0107 nasz\u0105 osobowo\u015b\u0107. Perfumy to co\u015b wi\u0119cej ni\u017c zapach. To emocje, wspomnienia i spos\u00f3b wyra\u017cania siebie.<\/p><p>Stworzy\u0142am to miejsce dla os\u00f3b, kt\u00f3re \u2014 tak jak ja \u2014 szukaj\u0105 swojej idealnej kompozycji. Takiej, kt\u00f3ra b\u0119dzie pasowa\u0107 do stylu \u017cycia, nastroju i okazji.\u00a0<\/p><p>Wiem, jak trudno wybra\u0107 zapach \u201ew ciemno\u201d, dlatego znajdziesz tutaj odlewki oryginalnych, markowych perfum w pojemno\u015bciach 2 ml, 3 ml, 5 ml, 10 ml.<\/p><h5>\u00a0<\/h5><h5>Dlaczego\u00a0warto\u00a0kupi\u0107\u00a0u\u00a0mnie :<\/h5><p>&#8211; Oryginalne\u00a0perfumy<br \/>&#8211;\u00a0Ma\u0142e\u00a0pojemno\u015bci\u00a0do\u00a0<wbr \/>testowania<br \/>&#8211; Starannie\u00a0wybrane\u00a0zapachy<br \/>&#8211; Pomoc\u00a0w\u00a0wyborze\u00a0zapachu<\/p><h5>\u00a0<\/h5><h5>Czym s\u0105 odlewki :<\/h5><h6>Odlewki\u00a0to\u00a0oryginalne\u00a0perfumy\u00a0<wbr \/>przelane\u00a0z\u00a0du\u017cego\u00a0flakonu\u00a0do\u00a0m<wbr \/>niejszych\u00a0atomizer\u00f3w.<\/h6><p><b>\u00a0<\/b><\/p><h5>Dzi\u0119ki\u00a0temu\u00a0mo\u017cesz:<\/h5><p>&#8211;\u00a0przetestowa\u0107\u00a0zapach\u00a0na\u00a0<wbr \/>w\u0142asnej\u00a0sk\u00f3rze<br \/>&#8211;\u00a0sprawdzi\u0107\u00a0czy\u00a0naprawd\u0119\u00a0do\u00a0<wbr \/>Ciebie\u00a0pasuje<br \/>&#8211;\u00a0pozna\u0107\u00a0wiele\u00a0zapach\u00f3w\u00a0bez\u00a0<wbr \/>wydawania\u00a0fortuny<\/p><p>Ciesz\u0119 si\u0119, \u017ce mog\u0119 towarzyszy\u0107 Ci w odkrywaniu pi\u0119knych zapach\u00f3w<br \/>Mam nadziej\u0119, \u017ce wsp\u00f3lnie znajdziemy Tw\u00f3j nowy, ukochany zapach.<\/p>\t\t\t\t\t\t\t\t<\/div>\n\t\t\t\t<\/div>\n\t\t\t\t<\/div>\n\t\t","protected":false},"excerpt":{"rendered":"<p>Poznaj Perfume House Anna Maksimowicz Nazywam si\u0119 Ania i jestem mi\u0142o\u015bniczk\u0105 perfum \u2014 tych klasycznych, eleganckich i tych, kt\u00f3re po prostu sprawiaj\u0105, \u017ce czujemy si\u0119 wyj\u0105tkowo.\u00a0 Od lat fascynuje mnie \u015bwiat nut zapachowych, ich charakter, g\u0142\u0119bia i to, jak potrafi\u0105 podkre\u015bli\u0107 nasz\u0105 osobowo\u015b\u0107. Perfumy to co\u015b wi\u0119cej ni\u017c zapach. To emocje, wspomnienia i spos\u00f3b wyra\u017cania &hellip; <\/p>\n","protected":false},"author":1,"featured_media":0,"parent":0,"menu_order":0,"comment_status":"closed","ping_status":"closed","template":"","meta":{"footnotes":""},"class_list":["post-57","page","type-page","status-publish","hentry"],"_links":{"self":[{"href":"https:\/\/perfumehouse.pl\/index.php?rest_route=\/wp\/v2\/pages\/57","targetHints":{"allow":["GET"]}}],"collection":[{"href":"https:\/\/perfumehouse.pl\/index.php?rest_route=\/wp\/v2\/pages"}],"about":[{"href":"https:\/\/perfumehouse.pl\/index.php?rest_route=\/wp\/v2\/types\/page"}],"author":[{"embeddable":true,"href":"https:\/\/perfumehouse.pl\/index.php?rest_route=\/wp\/v2\/users\/1"}],"replies":[{"embeddable":true,"href":"https:\/\/perfumehouse.pl\/index.php?rest_route=%2Fwp%2Fv2%2Fcomments&post=57"}],"version-history":[{"count":49,"href":"https:\/\/perfumehouse.pl\/index.php?rest_route=\/wp\/v2\/pages\/57\/revisions"}],"predecessor-version":[{"id":645,"href":"https:\/\/perfumehouse.pl\/index.php?rest_route=\/wp\/v2\/pages\/57\/revisions\/645"}],"wp:attachment":[{"href":"https:\/\/perfumehouse.pl\/index.php?rest_route=%2Fwp%2Fv2%2Fmedia&parent=57"}],"curies":[{"name":"wp","href":"https:\/\/api.w.org\/{rel}","templated":true}]}}